{"id":576,"date":"2014-07-01T09:08:05","date_gmt":"2014-07-01T09:08:05","guid":{"rendered":"http:\/\/arctic-sdi.org\/?page_id=576"},"modified":"2015-08-25T13:08:03","modified_gmt":"2015-08-25T11:08:03","slug":"iceland-2","status":"publish","type":"page","link":"https:\/\/wdev.arctic-sdi.org\/index.php\/iceland-2\/","title":{"rendered":"Iceland"},"content":{"rendered":"<table>\n<tbody>\n<tr>\n<td width=\"307\"><strong><em>Board member<\/em><\/strong><\/p>\n<p><strong>Magn\u00fas Gu\u00f0mundsson<\/strong><\/p>\n<p>Director General<\/p>\n<p>National Land Survey of Iceland<\/p>\n<p>&nbsp;<\/td>\n<td width=\"307\"><strong><em>National Contact Point<\/em><\/strong><\/p>\n<p><strong>Eyd\u00eds L Finnbogad\u00f3ttir<\/strong><\/p>\n<p>National Land Survey of Iceland<\/p>\n<p>Stillholti 16 \u2013 18, IS 300 Akranes \u2013 Iceland<br \/>\nPhone: +354 4309000<br \/>\n<a href=\"mailto:eydis@lmi.is\">eydis@lmi.is<\/a><\/p>\n<p><a href=\"http:\/\/www.lmi.is\/\">www.lmi.is<\/a><\/p>\n<p>&nbsp;<\/td>\n<\/tr>\n<\/tbody>\n<\/table>\n<p>&nbsp;<\/p>\n<p>&nbsp;<\/p>\n","protected":false},"excerpt":{"rendered":"<p>Board member Magn\u00fas Gu\u00f0mundsson Director General National Land Survey of Iceland &nbsp; National Contact Point Eyd\u00eds L Finnbogad\u00f3ttir National Land Survey of Iceland Stillholti 16 \u2013 18, IS 300 Akranes \u2013 Iceland Phone: +354 4309000 eydis@lmi.is www.lmi.is &nbsp; &nbsp; &nbsp;<\/p>\n","protected":false},"author":52,"featured_media":0,"parent":0,"menu_order":0,"comment_status":"closed","ping_status":"closed","template":"","meta":{"footnotes":""},"class_list":["post-576","page","type-page","status-publish","hentry","post"],"_links":{"self":[{"href":"https:\/\/wdev.arctic-sdi.org\/index.php\/wp-json\/wp\/v2\/pages\/576","targetHints":{"allow":["GET"]}}],"collection":[{"href":"https:\/\/wdev.arctic-sdi.org\/index.php\/wp-json\/wp\/v2\/pages"}],"about":[{"href":"https:\/\/wdev.arctic-sdi.org\/index.php\/wp-json\/wp\/v2\/types\/page"}],"author":[{"embeddable":true,"href":"https:\/\/wdev.arctic-sdi.org\/index.php\/wp-json\/wp\/v2\/users\/52"}],"replies":[{"embeddable":true,"href":"https:\/\/wdev.arctic-sdi.org\/index.php\/wp-json\/wp\/v2\/comments?post=576"}],"version-history":[{"count":13,"href":"https:\/\/wdev.arctic-sdi.org\/index.php\/wp-json\/wp\/v2\/pages\/576\/revisions"}],"predecessor-version":[{"id":1237,"href":"https:\/\/wdev.arctic-sdi.org\/index.php\/wp-json\/wp\/v2\/pages\/576\/revisions\/1237"}],"wp:attachment":[{"href":"https:\/\/wdev.arctic-sdi.org\/index.php\/wp-json\/wp\/v2\/media?parent=576"}],"curies":[{"name":"wp","href":"https:\/\/api.w.org\/{rel}","templated":true}]}}